{"id":51141,"date":"2015-03-06T12:58:35","date_gmt":"2015-03-06T12:58:35","guid":{"rendered":"https:\/\/www.la-luna.es\/contact\/"},"modified":"2026-03-23T07:40:12","modified_gmt":"2026-03-23T07:40:12","slug":"contac","status":"publish","type":"page","link":"https:\/\/www.la-luna.es\/en\/contac\/","title":{"rendered":"Contact"},"content":{"rendered":"<div class=\"wpb-content-wrapper\"><p>[vc_row row_type=&#8221;row&#8221; use_row_as_full_screen_section=&#8221;no&#8221; type=&#8221;grid&#8221; text_align=&#8221;center&#8221; video=&#8221;&#8221; css_animation=&#8221;&#8221; box_shadow_on_row=&#8221;no&#8221; oblique_section=&#8221;no&#8221; oblique_section_top_and_bottom=&#8221;both&#8221; oblique_section_position=&#8221;from_left_to_right&#8221; triangle_shape=&#8221;no&#8221; triangle_shape_position=&#8221;both&#8221;][vc_column][vc_single_image image=&#8221;51241&#8243; img_size=&#8221;full&#8221; alignment=&#8221;center&#8221; eltd_css_animation=&#8221;&#8221;][vc_text_separator title=&#8221;CONTACT US&#8221; title_size=&#8221;35&#8243; text_in_box=&#8221;no&#8221; text_position=&#8221;center&#8221; box_padding=&#8221;23&#8243; line_color=&#8221;#222222&#8243; line_width=&#8221;35&#8243; line_thickness=&#8221;1&#8243; line_border_style=&#8221;solid&#8221; up=&#8221;13&#8243; down=&#8221;13&#8243; line_dots=&#8221;no&#8221; title_color=&#8221;#222222&#8243;][vc_column_text css=&#8221;&#8221;]<\/p>\n<h2 class=\"display-4 aos-init aos-animate\" data-aos=\"fade-right\" data-aos-delay=\"600\">\u00a0<\/h2>\n<h3 class=\"display-4 aos-init aos-animate\" data-aos=\"fade-right\" data-aos-delay=\"600\">Do you have any questions? We&#8217;ll answer them as soon as possible.<\/h3>\n<p>[\/vc_column_text][\/vc_column][\/vc_row][vc_row row_type=&#8221;row&#8221; use_row_as_full_screen_section=&#8221;no&#8221; type=&#8221;grid&#8221; text_align=&#8221;center&#8221; video=&#8221;&#8221; padding_top=&#8221;50&#8243; padding_bottom=&#8221;60&#8243; css_animation=&#8221;&#8221; box_shadow_on_row=&#8221;no&#8221; oblique_section=&#8221;no&#8221; oblique_section_top_and_bottom=&#8221;both&#8221; oblique_section_position=&#8221;from_left_to_right&#8221; triangle_shape=&#8221;no&#8221; triangle_shape_position=&#8221;both&#8221;][vc_column width=&#8221;1\/6&#8243;][\/vc_column][vc_column width=&#8221;2\/3&#8243;]\n<div class=\"wpcf7 no-js\" id=\"wpcf7-f51281-o1\" lang=\"es-ES\" dir=\"ltr\" data-wpcf7-id=\"51281\">\n<div class=\"screen-reader-response\"><p role=\"status\" aria-live=\"polite\" aria-atomic=\"true\"><\/p> <ul><\/ul><\/div>\n<form action=\"\/en\/wp-json\/wp\/v2\/pages\/51141#wpcf7-f51281-o1\" method=\"post\" class=\"wpcf7-form init cf7_custom_style_1\" aria-label=\"Formulario de contacto\" novalidate=\"novalidate\" data-status=\"init\">\n<fieldset class=\"hidden-fields-container\"><input type=\"hidden\" name=\"_wpcf7\" value=\"51281\" \/><input type=\"hidden\" name=\"_wpcf7_version\" value=\"6.1.5\" \/><input type=\"hidden\" name=\"_wpcf7_locale\" value=\"es_ES\" \/><input type=\"hidden\" name=\"_wpcf7_unit_tag\" value=\"wpcf7-f51281-o1\" \/><input type=\"hidden\" name=\"_wpcf7_container_post\" value=\"0\" \/><input type=\"hidden\" name=\"_wpcf7_posted_data_hash\" value=\"\" \/>\n<\/fieldset>\n<p>Name (requested)\n<\/p>\n<p><span class=\"wpcf7-form-control-wrap\" data-name=\"your-name\"><input size=\"40\" maxlength=\"400\" class=\"wpcf7-form-control wpcf7-text wpcf7-validates-as-required\" aria-required=\"true\" aria-invalid=\"false\" value=\"\" type=\"text\" name=\"your-name\" \/><\/span>\n<\/p>\n<p>E-Mail (requested)\n<\/p>\n<p><span class=\"wpcf7-form-control-wrap\" data-name=\"your-email\"><input size=\"40\" maxlength=\"400\" class=\"wpcf7-form-control wpcf7-email wpcf7-validates-as-required wpcf7-text wpcf7-validates-as-email\" aria-required=\"true\" aria-invalid=\"false\" value=\"\" type=\"email\" name=\"your-email\" \/><\/span>\n<\/p>\n<p>Subject\n<\/p>\n<p><span class=\"wpcf7-form-control-wrap\" data-name=\"your-subject\"><input size=\"40\" maxlength=\"400\" class=\"wpcf7-form-control wpcf7-text\" aria-invalid=\"false\" value=\"\" type=\"text\" name=\"your-subject\" \/><\/span>\n<\/p>\n<p>Message\n<\/p>\n<p><span class=\"wpcf7-form-control-wrap\" data-name=\"your-message\"><textarea cols=\"40\" rows=\"10\" maxlength=\"2000\" class=\"wpcf7-form-control wpcf7-textarea\" aria-invalid=\"false\" name=\"your-message\"><\/textarea><\/span>\n<\/p>\n<p><input class=\"wpcf7-form-control wpcf7-submit has-spinner\" type=\"submit\" value=\"Send\" \/>\n<\/p><div class=\"wpcf7-response-output\" aria-hidden=\"true\"><\/div>\n<\/form>\n<\/div>\n[vc_column_text]<\/p>\n<p>&nbsp;<\/p>\n<p><strong>Informaci\u00f3n b\u00e1sica en protecci\u00f3n de datos.-<\/strong>\u00a0Conforme al RGPD y la LOPDGDD, EMBUTIDOS AGUIL\u00d3\u00a0S.L. tratar\u00e1 los datos facilitados, con la finalidad de contestar las dudas y\/o quejas planteadas a trav\u00e9s del presente formulario y facilitar la informaci\u00f3n solicitada. Siempre que nos lo autorice previamente, enviaremos informaci\u00f3n relacionada con los productos ofrecidos por\u00a0EMBUTIDOS AGUIL\u00d3 S.L. Podr\u00e1 ejercer, si lo desea, los derechos de acceso, rectificaci\u00f3n, supresi\u00f3n, y dem\u00e1s reconocidos en la normativa mencionada. Para obtener m\u00e1s informaci\u00f3n acerca de c\u00f3mo estamos tratando sus datos, acceda a nuestra pol\u00edtica de privacidad.<\/p>\n<p>[\/vc_column_text][\/vc_column][vc_column width=&#8221;1\/6&#8243;][\/vc_column][\/vc_row][vc_row row_type=&#8221;row&#8221; use_row_as_full_screen_section=&#8221;no&#8221; type=&#8221;grid&#8221; text_align=&#8221;left&#8221; video=&#8221;&#8221; padding_bottom=&#8221;75&#8243; css_animation=&#8221;&#8221; box_shadow_on_row=&#8221;no&#8221; oblique_section=&#8221;no&#8221; oblique_section_top_and_bottom=&#8221;both&#8221; oblique_section_position=&#8221;from_left_to_right&#8221; triangle_shape=&#8221;no&#8221; triangle_shape_position=&#8221;both&#8221;][vc_column][vc_raw_html]JTNDaWZyYW1lJTIwc3JjJTNEJTIyaHR0cHMlM0ElMkYlMkZ3d3cuZ29vZ2xlLmNvbSUyRm1hcHMlMkZlbWJlZCUzRnBiJTNEJTIxMW0xNCUyMTFtOCUyMTFtMyUyMTFkMTIyNjYuNjc5ODM0OTY4NzE0JTIxMmQyLjcxNjc0NzElMjEzZDM5Ljc2OTUxOCUyMTNtMiUyMTFpMTAyNCUyMTJpNzY4JTIxNGYxMy4xJTIxM20zJTIxMW0yJTIxMXMweDAlMjUzQTB4NGVhNDExMmQyMzEzZGI4OCUyMTJzTEElMkJMVU5BJTJCU29icmFzYWRhJTJCZGUlMkJNYWxsb3JjYSUyMTVlMCUyMTNtMiUyMTFzZXMlMjEyc2VzJTIxNHYxNTY0MzkyMTQyNzM1JTIxNW0yJTIxMXNlcyUyMTJzZXMlMjIlMjB3aWR0aCUzRCUyMjEwMCUyNSUyMiUyMGhlaWdodCUzRCUyMjQ1MCUyMiUyMGZyYW1lYm9yZGVyJTNEJTIyMCUyMiUyMHN0eWxlJTNEJTIyYm9yZGVyJTNBMCUyMiUyMGFsbG93ZnVsbHNjcmVlbiUzRSUzQyUyRmlmcmFtZSUzRQ==[\/vc_raw_html][\/vc_column][\/vc_row][vc_row row_type=&#8221;row&#8221; use_row_as_full_screen_section=&#8221;no&#8221; type=&#8221;grid&#8221; text_align=&#8221;center&#8221; video=&#8221;&#8221; padding_top=&#8221;80&#8243; padding_bottom=&#8221;50&#8243; css_animation=&#8221;&#8221; box_shadow_on_row=&#8221;no&#8221; oblique_section=&#8221;no&#8221; oblique_section_top_and_bottom=&#8221;both&#8221; oblique_section_position=&#8221;from_left_to_right&#8221; triangle_shape=&#8221;no&#8221; triangle_shape_position=&#8221;both&#8221;][vc_column width=&#8221;1\/3&#8243;]<span class=\"eltd_icon_shade eltd_icon_shortcode font_elegant normal pull-center \"  ><span aria-hidden=\"true\" class=\"eltd_icon_font_elegant icon_mobile \" style=\"font-size: 45px;color: #222222;line-height:47px; \" ><\/span><\/span>[vc_separator type=&#8221;transparent&#8221; up=&#8221;30&#8243; down=&#8221;0&#8243;][vc_column_text css=&#8221;&#8221;]<\/p>\n<h5><span style=\"color: #222222;\">PHONE<\/span><\/h5>\n<p>[\/vc_column_text][vc_separator type=&#8221;transparent&#8221; up=&#8221;20&#8243; down=&#8221;0&#8243;][vc_column_text css=&#8221;&#8221;]<\/p>\n<p style=\"text-align: center;\">+34 971 63 01 68<\/p>\n<p>[\/vc_column_text][vc_separator type=&#8221;transparent&#8221; up=&#8221;30&#8243;][\/vc_column][vc_column width=&#8221;1\/3&#8243;]<span class=\"eltd_icon_shade eltd_icon_shortcode font_elegant normal pull-center \"  ><span aria-hidden=\"true\" class=\"eltd_icon_font_elegant icon_mail_alt \" style=\"font-size: 45px;color: #222222;line-height:47px; \" ><\/span><\/span>[vc_separator type=&#8221;transparent&#8221; up=&#8221;30&#8243; down=&#8221;0&#8243;][vc_column_text]<\/p>\n<h5><span style=\"color: #222222;\">E-MAIL US<\/span><\/h5>\n<p>[\/vc_column_text][vc_separator type=&#8221;transparent&#8221; up=&#8221;20&#8243; down=&#8221;0&#8243;][vc_column_text]<\/p>\n<p style=\"text-align: center;\"><a href=\"mailto:laluna@la-luna.es\">laluna@la-luna.es<\/a><\/p>\n<p>[\/vc_column_text][vc_separator type=&#8221;transparent&#8221; up=&#8221;30&#8243;][\/vc_column][vc_column width=&#8221;1\/3&#8243;]<span class=\"eltd_icon_shade eltd_icon_shortcode font_elegant normal pull-center \"  ><span aria-hidden=\"true\" class=\"eltd_icon_font_elegant icon_compass_alt \" style=\"font-size: 45px;color: #222222;line-height:47px; \" ><\/span><\/span>[vc_separator type=&#8221;transparent&#8221; up=&#8221;30&#8243; down=&#8221;0&#8243;][vc_column_text css=&#8221;&#8221;]<\/p>\n<h5><span style=\"color: #222222;\">LOCATION<\/span><\/h5>\n<p>[\/vc_column_text][vc_separator type=&#8221;transparent&#8221; up=&#8221;20&#8243; down=&#8221;0&#8243;][vc_column_text]<\/p>\n<p style=\"text-align: center;\">Avinguda d\u00b4Ast\u00faries, n\u00ba 4A<\/p>\n<p style=\"text-align: center;\">07100 S\u00f3ller, Mallorca<\/p>\n<p>[\/vc_column_text][vc_separator type=&#8221;transparent&#8221; up=&#8221;30&#8243;][\/vc_column][\/vc_row]<\/p>\n<\/div>","protected":false},"excerpt":{"rendered":"<p>[vc_row row_type=&#8221;row&#8221; use_row_as_full_screen_section=&#8221;no&#8221; type=&#8221;grid&#8221; text_align=&#8221;center&#8221; video=&#8221;&#8221; css_animation=&#8221;&#8221; box_shadow_on_row=&#8221;no&#8221; oblique_section=&#8221;no&#8221; oblique_section_top_and_bottom=&#8221;both&#8221; oblique_section_position=&#8221;from_left_to_right&#8221; triangle_shape=&#8221;no&#8221; triangle_shape_position=&#8221;both&#8221;][vc_column][vc_single_image image=&#8221;51241&#8243; img_size=&#8221;full&#8221; alignment=&#8221;center&#8221; eltd_css_animation=&#8221;&#8221;][vc_text_separator title=&#8221;CONTACT US&#8221; title_size=&#8221;35&#8243; text_in_box=&#8221;no&#8221; text_position=&#8221;center&#8221; box_padding=&#8221;23&#8243; line_color=&#8221;#222222&#8243; line_width=&#8221;35&#8243; line_thickness=&#8221;1&#8243; line_border_style=&#8221;solid&#8221; up=&#8221;13&#8243; down=&#8221;13&#8243; line_dots=&#8221;no&#8221; title_color=&#8221;#222222&#8243;][vc_column_text css=&#8221;&#8221;] \u00a0 Do you have any questions? We&#8217;ll answer them as soon as possible&#8230;.<\/p>\n","protected":false},"author":1,"featured_media":0,"parent":0,"menu_order":0,"comment_status":"open","ping_status":"open","template":"full_width.php","meta":{"footnotes":""},"class_list":["post-51141","page","type-page","status-publish","hentry"],"yoast_head":"<!-- This site is optimized with the Yoast SEO plugin v27.2 - https:\/\/yoast.com\/product\/yoast-seo-wordpress\/ -->\n<title>Contact - Embutidos La Luna S\u00f3ller<\/title>\n<meta name=\"robots\" content=\"index, follow, max-snippet:-1, max-image-preview:large, max-video-preview:-1\" \/>\n<link rel=\"canonical\" href=\"https:\/\/www.la-luna.es\/en\/contac\/\" \/>\n<meta property=\"og:locale\" content=\"en_US\" \/>\n<meta property=\"og:type\" content=\"article\" \/>\n<meta property=\"og:title\" content=\"Contact - Embutidos La Luna S\u00f3ller\" \/>\n<meta property=\"og:description\" content=\"[vc_row row_type=&#8221;row&#8221; use_row_as_full_screen_section=&#8221;no&#8221; type=&#8221;grid&#8221; text_align=&#8221;center&#8221; video=&#8221;&#8221; css_animation=&#8221;&#8221; box_shadow_on_row=&#8221;no&#8221; oblique_section=&#8221;no&#8221; oblique_section_top_and_bottom=&#8221;both&#8221; oblique_section_position=&#8221;from_left_to_right&#8221; triangle_shape=&#8221;no&#8221; triangle_shape_position=&#8221;both&#8221;][vc_column][vc_single_image image=&#8221;51241&#8243; img_size=&#8221;full&#8221; alignment=&#8221;center&#8221; eltd_css_animation=&#8221;&#8221;][vc_text_separator title=&#8221;CONTACT US&#8221; title_size=&#8221;35&#8243; text_in_box=&#8221;no&#8221; text_position=&#8221;center&#8221; box_padding=&#8221;23&#8243; line_color=&#8221;#222222&#8243; line_width=&#8221;35&#8243; line_thickness=&#8221;1&#8243; line_border_style=&#8221;solid&#8221; up=&#8221;13&#8243; down=&#8221;13&#8243; line_dots=&#8221;no&#8221; title_color=&#8221;#222222&#8243;][vc_column_text css=&#8221;&#8221;] \u00a0 Do you have any questions? We&#8217;ll answer them as soon as possible....\" \/>\n<meta property=\"og:url\" content=\"https:\/\/www.la-luna.es\/en\/contac\/\" \/>\n<meta property=\"og:site_name\" content=\"Embutidos La Luna S\u00f3ller\" \/>\n<meta property=\"article:modified_time\" content=\"2026-03-23T07:40:12+00:00\" \/>\n<meta name=\"twitter:card\" content=\"summary_large_image\" \/>\n<meta name=\"twitter:label1\" content=\"Est. reading time\" \/>\n\t<meta name=\"twitter:data1\" content=\"2 minutes\" \/>\n<script type=\"application\/ld+json\" class=\"yoast-schema-graph\">{\"@context\":\"https:\/\/schema.org\",\"@graph\":[{\"@type\":\"WebPage\",\"@id\":\"https:\/\/www.la-luna.es\/en\/contac\/\",\"url\":\"https:\/\/www.la-luna.es\/en\/contac\/\",\"name\":\"Contact - Embutidos La Luna S\u00f3ller\",\"isPartOf\":{\"@id\":\"https:\/\/www.la-luna.es\/#website\"},\"datePublished\":\"2015-03-06T12:58:35+00:00\",\"dateModified\":\"2026-03-23T07:40:12+00:00\",\"breadcrumb\":{\"@id\":\"https:\/\/www.la-luna.es\/en\/contac\/#breadcrumb\"},\"inLanguage\":\"en-US\",\"potentialAction\":[{\"@type\":\"ReadAction\",\"target\":[\"https:\/\/www.la-luna.es\/en\/contac\/\"]}]},{\"@type\":\"BreadcrumbList\",\"@id\":\"https:\/\/www.la-luna.es\/en\/contac\/#breadcrumb\",\"itemListElement\":[{\"@type\":\"ListItem\",\"position\":1,\"name\":\"Portada\",\"item\":\"https:\/\/www.la-luna.es\/en\/\"},{\"@type\":\"ListItem\",\"position\":2,\"name\":\"Contact\"}]},{\"@type\":\"WebSite\",\"@id\":\"https:\/\/www.la-luna.es\/#website\",\"url\":\"https:\/\/www.la-luna.es\/\",\"name\":\"Embutidos La Luna S\u00f3ller\",\"description\":\"Sobrasadas, Camaiot y Pat\u00e9\",\"potentialAction\":[{\"@type\":\"SearchAction\",\"target\":{\"@type\":\"EntryPoint\",\"urlTemplate\":\"https:\/\/www.la-luna.es\/?s={search_term_string}\"},\"query-input\":{\"@type\":\"PropertyValueSpecification\",\"valueRequired\":true,\"valueName\":\"search_term_string\"}}],\"inLanguage\":\"en-US\"}]}<\/script>\n<!-- \/ Yoast SEO plugin. -->","yoast_head_json":{"title":"Contact - Embutidos La Luna S\u00f3ller","robots":{"index":"index","follow":"follow","max-snippet":"max-snippet:-1","max-image-preview":"max-image-preview:large","max-video-preview":"max-video-preview:-1"},"canonical":"https:\/\/www.la-luna.es\/en\/contac\/","og_locale":"en_US","og_type":"article","og_title":"Contact - Embutidos La Luna S\u00f3ller","og_description":"[vc_row row_type=&#8221;row&#8221; use_row_as_full_screen_section=&#8221;no&#8221; type=&#8221;grid&#8221; text_align=&#8221;center&#8221; video=&#8221;&#8221; css_animation=&#8221;&#8221; box_shadow_on_row=&#8221;no&#8221; oblique_section=&#8221;no&#8221; oblique_section_top_and_bottom=&#8221;both&#8221; oblique_section_position=&#8221;from_left_to_right&#8221; triangle_shape=&#8221;no&#8221; triangle_shape_position=&#8221;both&#8221;][vc_column][vc_single_image image=&#8221;51241&#8243; img_size=&#8221;full&#8221; alignment=&#8221;center&#8221; eltd_css_animation=&#8221;&#8221;][vc_text_separator title=&#8221;CONTACT US&#8221; title_size=&#8221;35&#8243; text_in_box=&#8221;no&#8221; text_position=&#8221;center&#8221; box_padding=&#8221;23&#8243; line_color=&#8221;#222222&#8243; line_width=&#8221;35&#8243; line_thickness=&#8221;1&#8243; line_border_style=&#8221;solid&#8221; up=&#8221;13&#8243; down=&#8221;13&#8243; line_dots=&#8221;no&#8221; title_color=&#8221;#222222&#8243;][vc_column_text css=&#8221;&#8221;] \u00a0 Do you have any questions? We&#8217;ll answer them as soon as possible....","og_url":"https:\/\/www.la-luna.es\/en\/contac\/","og_site_name":"Embutidos La Luna S\u00f3ller","article_modified_time":"2026-03-23T07:40:12+00:00","twitter_card":"summary_large_image","twitter_misc":{"Est. reading time":"2 minutes"},"schema":{"@context":"https:\/\/schema.org","@graph":[{"@type":"WebPage","@id":"https:\/\/www.la-luna.es\/en\/contac\/","url":"https:\/\/www.la-luna.es\/en\/contac\/","name":"Contact - Embutidos La Luna S\u00f3ller","isPartOf":{"@id":"https:\/\/www.la-luna.es\/#website"},"datePublished":"2015-03-06T12:58:35+00:00","dateModified":"2026-03-23T07:40:12+00:00","breadcrumb":{"@id":"https:\/\/www.la-luna.es\/en\/contac\/#breadcrumb"},"inLanguage":"en-US","potentialAction":[{"@type":"ReadAction","target":["https:\/\/www.la-luna.es\/en\/contac\/"]}]},{"@type":"BreadcrumbList","@id":"https:\/\/www.la-luna.es\/en\/contac\/#breadcrumb","itemListElement":[{"@type":"ListItem","position":1,"name":"Portada","item":"https:\/\/www.la-luna.es\/en\/"},{"@type":"ListItem","position":2,"name":"Contact"}]},{"@type":"WebSite","@id":"https:\/\/www.la-luna.es\/#website","url":"https:\/\/www.la-luna.es\/","name":"Embutidos La Luna S\u00f3ller","description":"Sobrasadas, Camaiot y Pat\u00e9","potentialAction":[{"@type":"SearchAction","target":{"@type":"EntryPoint","urlTemplate":"https:\/\/www.la-luna.es\/?s={search_term_string}"},"query-input":{"@type":"PropertyValueSpecification","valueRequired":true,"valueName":"search_term_string"}}],"inLanguage":"en-US"}]}},"_links":{"self":[{"href":"https:\/\/www.la-luna.es\/en\/wp-json\/wp\/v2\/pages\/51141","targetHints":{"allow":["GET"]}}],"collection":[{"href":"https:\/\/www.la-luna.es\/en\/wp-json\/wp\/v2\/pages"}],"about":[{"href":"https:\/\/www.la-luna.es\/en\/wp-json\/wp\/v2\/types\/page"}],"author":[{"embeddable":true,"href":"https:\/\/www.la-luna.es\/en\/wp-json\/wp\/v2\/users\/1"}],"replies":[{"embeddable":true,"href":"https:\/\/www.la-luna.es\/en\/wp-json\/wp\/v2\/comments?post=51141"}],"version-history":[{"count":6,"href":"https:\/\/www.la-luna.es\/en\/wp-json\/wp\/v2\/pages\/51141\/revisions"}],"predecessor-version":[{"id":51283,"href":"https:\/\/www.la-luna.es\/en\/wp-json\/wp\/v2\/pages\/51141\/revisions\/51283"}],"wp:attachment":[{"href":"https:\/\/www.la-luna.es\/en\/wp-json\/wp\/v2\/media?parent=51141"}],"curies":[{"name":"wp","href":"https:\/\/api.w.org\/{rel}","templated":true}]}}